{"id":1441,"date":"2023-02-03T09:36:12","date_gmt":"2023-02-03T09:36:12","guid":{"rendered":"https:\/\/yalovakardiyoloji.com\/en\/?page_id=1441"},"modified":"2023-05-19T10:11:17","modified_gmt":"2023-05-19T10:11:17","slug":"elektrokardiyografi","status":"publish","type":"page","link":"https:\/\/yalovakardiyoloji.com\/en\/elektrokardiyografi\/","title":{"rendered":"Electrocardiography"},"content":{"rendered":"\t\t<div data-elementor-type=\"wp-page\" data-elementor-id=\"1441\" class=\"elementor elementor-1441\">\n\t\t\t\t\t\t<section class=\"elementor-section elementor-top-section elementor-element elementor-element-663ebd7f elementor-section-boxed elementor-section-height-default elementor-section-height-default\" data-id=\"663ebd7f\" data-element_type=\"section\" data-e-type=\"section\" data-settings=\"{&quot;background_background&quot;:&quot;classic&quot;}\">\n\t\t\t\t\t\t\t<div class=\"elementor-background-overlay\"><\/div>\n\t\t\t\t\t\t\t<div class=\"elementor-container elementor-column-gap-no\">\n\t\t\t\t\t<div class=\"elementor-column elementor-col-100 elementor-top-column elementor-element elementor-element-31241c0d\" data-id=\"31241c0d\" data-element_type=\"column\" data-e-type=\"column\">\n\t\t\t<div class=\"elementor-widget-wrap elementor-element-populated\">\n\t\t\t\t\t\t<div class=\"elementor-element elementor-element-23938506 elementor-widget elementor-widget-heading\" data-id=\"23938506\" data-element_type=\"widget\" data-e-type=\"widget\" data-widget_type=\"heading.default\">\n\t\t\t\t<div class=\"elementor-widget-container\">\n\t\t\t\t\t<h1 class=\"elementor-heading-title elementor-size-default\">Yalova Cardiology<\/h1>\t\t\t\t<\/div>\n\t\t\t\t<\/div>\n\t\t\t\t<div class=\"elementor-element elementor-element-63c1bd8c elementor-widget elementor-widget-text-editor\" data-id=\"63c1bd8c\" data-element_type=\"widget\" data-e-type=\"widget\" data-widget_type=\"text-editor.default\">\n\t\t\t\t<div class=\"elementor-widget-container\">\n\t\t\t\t\t\t\t\t\t<p>Everything you need to know about your heart health. Your health is entrusted to us with high technology in Yalova.<\/p>\t\t\t\t\t\t\t\t<\/div>\n\t\t\t\t<\/div>\n\t\t\t\t\t<\/div>\n\t\t<\/div>\n\t\t\t\t\t<\/div>\n\t\t<\/section>\n\t\t\t\t<section class=\"elementor-section elementor-top-section elementor-element elementor-element-2bb69d2 elementor-section-boxed elementor-section-height-default elementor-section-height-default\" data-id=\"2bb69d2\" data-element_type=\"section\" data-e-type=\"section\">\n\t\t\t\t\t\t<div class=\"elementor-container elementor-column-gap-default\">\n\t\t\t\t\t<div class=\"elementor-column elementor-col-66 elementor-top-column elementor-element elementor-element-2dbec2a\" data-id=\"2dbec2a\" data-element_type=\"column\" data-e-type=\"column\">\n\t\t\t<div class=\"elementor-widget-wrap elementor-element-populated\">\n\t\t\t\t\t\t<div class=\"elementor-element elementor-element-f39e090 elementor-widget elementor-widget-spacer\" data-id=\"f39e090\" data-element_type=\"widget\" data-e-type=\"widget\" data-widget_type=\"spacer.default\">\n\t\t\t\t<div class=\"elementor-widget-container\">\n\t\t\t\t\t\t\t<div class=\"elementor-spacer\">\n\t\t\t<div class=\"elementor-spacer-inner\"><\/div>\n\t\t<\/div>\n\t\t\t\t\t\t<\/div>\n\t\t\t\t<\/div>\n\t\t\t\t<div class=\"elementor-element elementor-element-209501c elementor-widget elementor-widget-heading\" data-id=\"209501c\" data-element_type=\"widget\" data-e-type=\"widget\" data-widget_type=\"heading.default\">\n\t\t\t\t<div class=\"elementor-widget-container\">\n\t\t\t\t\t<h2 class=\"elementor-heading-title elementor-size-default\">Tests and equipment<\/h2>\t\t\t\t<\/div>\n\t\t\t\t<\/div>\n\t\t\t\t<div class=\"elementor-element elementor-element-2a998502 elementor-widget elementor-widget-heading\" data-id=\"2a998502\" data-element_type=\"widget\" data-e-type=\"widget\" data-widget_type=\"heading.default\">\n\t\t\t\t<div class=\"elementor-widget-container\">\n\t\t\t\t\t<h2 class=\"elementor-heading-title elementor-size-default\">Elektrokardiyografi (EKG)<\/h2>\t\t\t\t<\/div>\n\t\t\t\t<\/div>\n\t\t\t\t<div class=\"elementor-element elementor-element-2a798ba8 elementor-widget elementor-widget-text-editor\" data-id=\"2a798ba8\" data-element_type=\"widget\" data-e-type=\"widget\" data-widget_type=\"text-editor.default\">\n\t\t\t\t<div class=\"elementor-widget-container\">\n\t\t\t\t\t\t\t\t\t<p>The potential changes caused by the electrical activity of the heart are spread simultaneously throughout the body with the help of the tissues around the heart and especially the blood. The resulting electrical changes are amplified and recorded by means of conductive leads (electrodes) placed in various parts of the body.<\/p>\t\t\t\t\t\t\t\t<\/div>\n\t\t\t\t<\/div>\n\t\t\t\t<div class=\"elementor-element elementor-element-65f2b74 elementor-invisible elementor-widget elementor-widget-image\" data-id=\"65f2b74\" data-element_type=\"widget\" data-e-type=\"widget\" data-settings=\"{&quot;_animation&quot;:&quot;fadeIn&quot;}\" data-widget_type=\"image.default\">\n\t\t\t\t<div class=\"elementor-widget-container\">\n\t\t\t\t\t\t\t\t\t\t\t\t\t\t\t<img fetchpriority=\"high\" decoding=\"async\" width=\"1024\" height=\"553\" src=\"https:\/\/yalovakardiyoloji.com\/en\/wp-content\/uploads\/2023\/02\/healthcare-and-medicine-er-patient-on-an-ekg-monitor--1024x553.jpg\" class=\"attachment-large size-large wp-image-1444\" alt=\"Healthcare and Medicine! ER Patient on an EKG Monitor!\" srcset=\"https:\/\/yalovakardiyoloji.com\/en\/wp-content\/uploads\/2023\/02\/healthcare-and-medicine-er-patient-on-an-ekg-monitor--1024x553.jpg 1024w, https:\/\/yalovakardiyoloji.com\/en\/wp-content\/uploads\/2023\/02\/healthcare-and-medicine-er-patient-on-an-ekg-monitor--300x162.jpg 300w, https:\/\/yalovakardiyoloji.com\/en\/wp-content\/uploads\/2023\/02\/healthcare-and-medicine-er-patient-on-an-ekg-monitor--768x415.jpg 768w, https:\/\/yalovakardiyoloji.com\/en\/wp-content\/uploads\/2023\/02\/healthcare-and-medicine-er-patient-on-an-ekg-monitor--1536x830.jpg 1536w, https:\/\/yalovakardiyoloji.com\/en\/wp-content\/uploads\/2023\/02\/healthcare-and-medicine-er-patient-on-an-ekg-monitor-.jpg 2000w\" sizes=\"(max-width: 1024px) 100vw, 1024px\" \/>\t\t\t\t\t\t\t\t\t\t\t\t\t\t\t<\/div>\n\t\t\t\t<\/div>\n\t\t\t\t<div class=\"elementor-element elementor-element-692d972 elementor-widget elementor-widget-text-editor\" data-id=\"692d972\" data-element_type=\"widget\" data-e-type=\"widget\" data-widget_type=\"text-editor.default\">\n\t\t\t\t<div class=\"elementor-widget-container\">\n\t\t\t\t\t\t\t\t\t<p>The potential changes caused by the electrical activity of the heart are spread simultaneously throughout the body with the help of the tissues around the heart and especially the blood. The resulting electrical changes are amplified and recorded by means of conductive leads (electrodes) placed in various parts of the body.<\/p>\t\t\t\t\t\t\t\t<\/div>\n\t\t\t\t<\/div>\n\t\t\t\t<div class=\"elementor-element elementor-element-9d116bb elementor-widget elementor-widget-video\" data-id=\"9d116bb\" data-element_type=\"widget\" data-e-type=\"widget\" data-settings=\"{&quot;video_type&quot;:&quot;hosted&quot;,&quot;controls&quot;:&quot;yes&quot;}\" data-widget_type=\"video.default\">\n\t\t\t\t<div class=\"elementor-widget-container\">\n\t\t\t\t\t\t\t<div class=\"e-hosted-video elementor-wrapper elementor-open-inline\">\n\t\t\t\t\t<video class=\"elementor-video\" src=\"https:\/\/yalovakardiyoloji.com\/en\/wp-content\/uploads\/2023\/01\/WhatsApp-Video-2022-12-26-at-21.49.54.mp4\" controls=\"\" preload=\"metadata\" controlsList=\"nodownload\"><\/video>\n\t\t\t\t<\/div>\n\t\t\t\t\t\t<\/div>\n\t\t\t\t<\/div>\n\t\t\t\t\t<\/div>\n\t\t<\/div>\n\t\t\t\t<div class=\"elementor-column elementor-col-33 elementor-top-column elementor-element elementor-element-8185acf\" data-id=\"8185acf\" data-element_type=\"column\" data-e-type=\"column\">\n\t\t\t<div class=\"elementor-widget-wrap elementor-element-populated\">\n\t\t\t\t\t\t<div class=\"elementor-element elementor-element-4cdbba1 elementor-widget elementor-widget-image\" data-id=\"4cdbba1\" data-element_type=\"widget\" data-e-type=\"widget\" data-widget_type=\"image.default\">\n\t\t\t\t<div class=\"elementor-widget-container\">\n\t\t\t\t\t\t\t\t\t\t\t\t\t\t\t<img decoding=\"async\" width=\"683\" height=\"1024\" src=\"https:\/\/yalovakardiyoloji.com\/en\/wp-content\/uploads\/2023\/01\/WhatsApp-Image-2022-12-26-at-21.48.47-1-683x1024.jpeg\" class=\"attachment-large size-large wp-image-1309\" alt=\"\" srcset=\"https:\/\/yalovakardiyoloji.com\/en\/wp-content\/uploads\/2023\/01\/WhatsApp-Image-2022-12-26-at-21.48.47-1-683x1024.jpeg 683w, https:\/\/yalovakardiyoloji.com\/en\/wp-content\/uploads\/2023\/01\/WhatsApp-Image-2022-12-26-at-21.48.47-1-200x300.jpeg 200w, https:\/\/yalovakardiyoloji.com\/en\/wp-content\/uploads\/2023\/01\/WhatsApp-Image-2022-12-26-at-21.48.47-1-768x1152.jpeg 768w, https:\/\/yalovakardiyoloji.com\/en\/wp-content\/uploads\/2023\/01\/WhatsApp-Image-2022-12-26-at-21.48.47-1-1024x1536.jpeg 1024w, https:\/\/yalovakardiyoloji.com\/en\/wp-content\/uploads\/2023\/01\/WhatsApp-Image-2022-12-26-at-21.48.47-1.jpeg 1067w\" sizes=\"(max-width: 683px) 100vw, 683px\" \/>\t\t\t\t\t\t\t\t\t\t\t\t\t\t\t<\/div>\n\t\t\t\t<\/div>\n\t\t\t\t<div class=\"elementor-element elementor-element-6b1862ad elementor-widget elementor-widget-image\" data-id=\"6b1862ad\" data-element_type=\"widget\" data-e-type=\"widget\" data-widget_type=\"image.default\">\n\t\t\t\t<div class=\"elementor-widget-container\">\n\t\t\t\t\t\t\t\t\t\t\t\t\t\t\t<img decoding=\"async\" width=\"760\" height=\"246\" src=\"https:\/\/yalovakardiyoloji.com\/en\/wp-content\/uploads\/2023\/01\/sig9.png\" class=\"attachment-large size-large wp-image-1035\" alt=\"\" srcset=\"https:\/\/yalovakardiyoloji.com\/en\/wp-content\/uploads\/2023\/01\/sig9.png 760w, https:\/\/yalovakardiyoloji.com\/en\/wp-content\/uploads\/2023\/01\/sig9-300x97.png 300w\" sizes=\"(max-width: 760px) 100vw, 760px\" \/>\t\t\t\t\t\t\t\t\t\t\t\t\t\t\t<\/div>\n\t\t\t\t<\/div>\n\t\t\t\t<div class=\"elementor-element elementor-element-5615578a elementor-widget elementor-widget-heading\" data-id=\"5615578a\" data-element_type=\"widget\" data-e-type=\"widget\" data-widget_type=\"heading.default\">\n\t\t\t\t<div class=\"elementor-widget-container\">\n\t\t\t\t\t<h2 class=\"elementor-heading-title elementor-size-default\">Giri\u015fimsel \u0130\u015flemler<\/h2>\t\t\t\t<\/div>\n\t\t\t\t<\/div>\n\t\t\t\t<div class=\"elementor-element elementor-element-4734ddb elementor-widget elementor-widget-heading\" data-id=\"4734ddb\" data-element_type=\"widget\" data-e-type=\"widget\" data-widget_type=\"heading.default\">\n\t\t\t\t<div class=\"elementor-widget-container\">\n\t\t\t\t\t<h2 class=\"elementor-heading-title elementor-size-default\">Yap\u0131lan Test ve Kullan\u0131lan Cihazlar<\/h2>\t\t\t\t<\/div>\n\t\t\t\t<\/div>\n\t\t\t\t\t<\/div>\n\t\t<\/div>\n\t\t\t\t\t<\/div>\n\t\t<\/section>\n\t\t\t\t<section class=\"elementor-section elementor-top-section elementor-element elementor-element-95a1579 elementor-section-boxed elementor-section-height-default elementor-section-height-default\" data-id=\"95a1579\" data-element_type=\"section\" data-e-type=\"section\">\n\t\t\t\t\t\t<div class=\"elementor-container elementor-column-gap-default\">\n\t\t\t\t\t<div class=\"elementor-column elementor-col-100 elementor-top-column elementor-element elementor-element-c77c3b8\" data-id=\"c77c3b8\" data-element_type=\"column\" data-e-type=\"column\">\n\t\t\t<div class=\"elementor-widget-wrap elementor-element-populated\">\n\t\t\t\t\t\t<div class=\"elementor-element elementor-element-407700e elementor-widget-divider--view-line elementor-widget elementor-widget-divider\" data-id=\"407700e\" data-element_type=\"widget\" data-e-type=\"widget\" data-widget_type=\"divider.default\">\n\t\t\t\t<div class=\"elementor-widget-container\">\n\t\t\t\t\t\t\t<div class=\"elementor-divider\">\n\t\t\t<span class=\"elementor-divider-separator\">\n\t\t\t\t\t\t<\/span>\n\t\t<\/div>\n\t\t\t\t\t\t<\/div>\n\t\t\t\t<\/div>\n\t\t\t\t\t<\/div>\n\t\t<\/div>\n\t\t\t\t\t<\/div>\n\t\t<\/section>\n\t\t\t\t<\/div>\n\t\t","protected":false},"excerpt":{"rendered":"<p>Yalova Cardiology Everything you need to know about your heart health. Your health is entrusted to us with high technology in Yalova. Tests and equipment Elektrokardiyografi (EKG) February 3, 2023 9:36 am The potential changes caused by the electrical activity of the heart are spread simultaneously throughout the body with the help of the tissues [&hellip;]<\/p>\n","protected":false},"author":1,"featured_media":0,"parent":0,"menu_order":0,"comment_status":"closed","ping_status":"closed","template":"","meta":{"site-sidebar-layout":"no-sidebar","site-content-layout":"page-builder","ast-site-content-layout":"default","site-content-style":"default","site-sidebar-style":"default","ast-global-header-display":"","ast-banner-title-visibility":"","ast-main-header-display":"","ast-hfb-above-header-display":"","ast-hfb-below-header-display":"","ast-hfb-mobile-header-display":"","site-post-title":"disabled","ast-breadcrumbs-content":"","ast-featured-img":"","footer-sml-layout":"","ast-disable-related-posts":"","theme-transparent-header-meta":"enabled","adv-header-id-meta":"","stick-header-meta":"","header-above-stick-meta":"","header-main-stick-meta":"","header-below-stick-meta":"","astra-migrate-meta-layouts":"default","ast-page-background-enabled":"default","ast-page-background-meta":{"desktop":{"background-color":"","background-image":"","background-repeat":"repeat","background-position":"center center","background-size":"auto","background-attachment":"scroll","background-type":"","background-media":"","overlay-type":"","overlay-color":"","overlay-opacity":"","overlay-gradient":""},"tablet":{"background-color":"","background-image":"","background-repeat":"repeat","background-position":"center center","background-size":"auto","background-attachment":"scroll","background-type":"","background-media":"","overlay-type":"","overlay-color":"","overlay-opacity":"","overlay-gradient":""},"mobile":{"background-color":"","background-image":"","background-repeat":"repeat","background-position":"center center","background-size":"auto","background-attachment":"scroll","background-type":"","background-media":"","overlay-type":"","overlay-color":"","overlay-opacity":"","overlay-gradient":""}},"ast-content-background-meta":{"desktop":{"background-color":"var(--ast-global-color-5)","background-image":"","background-repeat":"repeat","background-position":"center center","background-size":"auto","background-attachment":"scroll","background-type":"","background-media":"","overlay-type":"","overlay-color":"","overlay-opacity":"","overlay-gradient":""},"tablet":{"background-color":"var(--ast-global-color-5)","background-image":"","background-repeat":"repeat","background-position":"center center","background-size":"auto","background-attachment":"scroll","background-type":"","background-media":"","overlay-type":"","overlay-color":"","overlay-opacity":"","overlay-gradient":""},"mobile":{"background-color":"var(--ast-global-color-5)","background-image":"","background-repeat":"repeat","background-position":"center center","background-size":"auto","background-attachment":"scroll","background-type":"","background-media":"","overlay-type":"","overlay-color":"","overlay-opacity":"","overlay-gradient":""}},"footnotes":""},"class_list":["post-1441","page","type-page","status-publish","hentry"],"aioseo_notices":[],"_links":{"self":[{"href":"https:\/\/yalovakardiyoloji.com\/en\/wp-json\/wp\/v2\/pages\/1441","targetHints":{"allow":["GET"]}}],"collection":[{"href":"https:\/\/yalovakardiyoloji.com\/en\/wp-json\/wp\/v2\/pages"}],"about":[{"href":"https:\/\/yalovakardiyoloji.com\/en\/wp-json\/wp\/v2\/types\/page"}],"author":[{"embeddable":true,"href":"https:\/\/yalovakardiyoloji.com\/en\/wp-json\/wp\/v2\/users\/1"}],"replies":[{"embeddable":true,"href":"https:\/\/yalovakardiyoloji.com\/en\/wp-json\/wp\/v2\/comments?post=1441"}],"version-history":[{"count":9,"href":"https:\/\/yalovakardiyoloji.com\/en\/wp-json\/wp\/v2\/pages\/1441\/revisions"}],"predecessor-version":[{"id":2078,"href":"https:\/\/yalovakardiyoloji.com\/en\/wp-json\/wp\/v2\/pages\/1441\/revisions\/2078"}],"wp:attachment":[{"href":"https:\/\/yalovakardiyoloji.com\/en\/wp-json\/wp\/v2\/media?parent=1441"}],"curies":[{"name":"wp","href":"https:\/\/api.w.org\/{rel}","templated":true}]}}